{"id":7,"date":"2014-03-03T00:43:02","date_gmt":"2014-03-02T22:43:02","guid":{"rendered":"http:\/\/www.ryujinkan.fi\/?page_id=7"},"modified":"2025-03-15T13:16:52","modified_gmt":"2025-03-15T11:16:52","slug":"etusivu","status":"publish","type":"page","link":"https:\/\/www.ryujinkan.fi\/","title":{"rendered":"Tervetuloa!"},"content":{"rendered":"<p>Ryujinkan ry on kes\u00e4ll\u00e4 2013 Urjalassa perustettu kamppailulajiseura.<\/p>\n<p><strong><em>T\u00e4ll\u00e4 hetkell\u00e4 j\u00e4rjestet\u00e4\u00e4n vain toiminnallista\/kehonpaino\/salitreeni\u00e4\u00a0 maanantaisin,\u00a0 klo 18.30-19.30. Omaa harjoitustilaa meill\u00e4 ei t\u00e4ll\u00e4 hetkell\u00e4 ole. Treenit siksi p\u00e4\u00e4osin ulkona.<br \/>\nAktiiviharjoittelijoillemme on WA ryhm\u00e4, jossa tiedotetaan mahdollisista aikataulumuutoksista.<br \/>\nJos olet tulossa uutena tutustumaan\/treenaamaan, varmista treeniaika WA, messenger, mailitse tai puhelimitse.<br \/>\nMy\u00f6s voimanostotreenin ohjaus mahdollista. Kys\u00e4ise siit\u00e4 erikseen viestill\u00e4 tai treeneiss\u00e4.<\/em><\/strong><\/p>\n<p>Seurassamme harjoittelee aktiivisesti kaikenik\u00e4isi\u00e4 harrastajia ymp\u00e4ri vuoden.\u00a0<span style=\"line-height: 1.714285714; font-size: 1rem;\">Positiivisuus, toisten kannustaminen, n\u00f6yryys, keskittyminen, innostus, halu oppia ja iloinen mieli ovat omiaan kuvaamaan Ryujinkanin harjoituksia.\u00a0<\/span><\/p>\n<p>Alkujaan seura perustettiin p\u00e4\u00e4asiassa aikidon harjoittamiseen, sittemmin aikidon j\u00e4\u00e4dess\u00e4 v\u00e4hemm\u00e4lle, seurassamme keskityttiin kuntopotkunyrkkeilyyn, kahvakuula\/toiminnalliseen treeniin sek\u00e4 voimaharjoitteluun.<br \/>\nMy\u00f6s erilaisia lajikokeiluja ja leirej\u00e4 on pidetty harrastajien toiveiden mukaan (mm. escrima, thainyrkkeily, tai chi)<\/p>\n<p>T\u00e4ll\u00e4 hetkell\u00e4 treenivalikoimassa vakituiseen vain toiminnallinen treeni.<\/p>\n<p>Ryhm\u00e4\u00e4n voi tulla mukaan uutena treenaajana milloin vain!<\/p>\n<p>N\u00e4ilt\u00e4 sivuilta l\u00f6yd\u00e4t hieman lajitietoa ja ohjeita. Parhaiten asiat kuitenkin selvi\u00e4v\u00e4t tulemalla rohkeasti paikan p\u00e4\u00e4lle.<br \/>\nOlet l\u00e4mpim\u00e4sti tervetullut tutustumaan toimintaamme ja harjoittelemaan.\u00a0Katso harjoitusajat omalta sivultaan ja tule mukaan!<\/p>\n<p>&nbsp;<\/p>\n<p><a href=\"https:\/\/www.facebook.com\/groups\/ryujinkan\/?fref=ts\"><img loading=\"lazy\" class=\"alignnone wp-image-185\" src=\"http:\/\/www.ryujinkan.fi\/wp-content\/uploads\/2014\/03\/fb-300x116.jpg\" alt=\"fb-300x116\" width=\"210\" height=\"81\" \/><\/a><\/p>\n<p><img loading=\"lazy\" class=\"alignnone wp-image-149 size-medium\" src=\"http:\/\/www.ryujinkan.fi\/wp-content\/uploads\/2014\/03\/auringonlasku-300x260.jpg\" alt=\"aikido urjala nuutaj\u00e4rvi puolimatka kuntopotkunyrkkeily budo\" width=\"300\" height=\"260\" srcset=\"https:\/\/www.ryujinkan.fi\/wp-content\/uploads\/2014\/03\/auringonlasku-300x260.jpg 300w, https:\/\/www.ryujinkan.fi\/wp-content\/uploads\/2014\/03\/auringonlasku.jpg 452w\" sizes=\"(max-width: 300px) 100vw, 300px\" \/><\/p>\n","protected":false},"excerpt":{"rendered":"<p>Ryujinkan ry on kes\u00e4ll\u00e4 2013 Urjalassa perustettu kamppailulajiseura. T\u00e4ll\u00e4 hetkell\u00e4 j\u00e4rjestet\u00e4\u00e4n vain toiminnallista\/kehonpaino\/salitreeni\u00e4\u00a0 maanantaisin,\u00a0 klo 18.30-19.30. Omaa harjoitustilaa meill\u00e4 ei t\u00e4ll\u00e4 hetkell\u00e4 ole. Treenit siksi p\u00e4\u00e4osin ulkona. Aktiiviharjoittelijoillemme on WA ryhm\u00e4, jossa tiedotetaan mahdollisista aikataulumuutoksista. Jos olet tulossa uutena tutustumaan\/treenaamaan, varmista treeniaika WA, messenger, mailitse tai puhelimitse. My\u00f6s voimanostotreenin ohjaus mahdollista. Kys\u00e4ise siit\u00e4 erikseen viestill\u00e4 [&hellip;]<\/p>\n","protected":false},"author":1,"featured_media":0,"parent":0,"menu_order":0,"comment_status":"closed","ping_status":"closed","template":"","meta":[],"_links":{"self":[{"href":"https:\/\/www.ryujinkan.fi\/index.php?rest_route=\/wp\/v2\/pages\/7"}],"collection":[{"href":"https:\/\/www.ryujinkan.fi\/index.php?rest_route=\/wp\/v2\/pages"}],"about":[{"href":"https:\/\/www.ryujinkan.fi\/index.php?rest_route=\/wp\/v2\/types\/page"}],"author":[{"embeddable":true,"href":"https:\/\/www.ryujinkan.fi\/index.php?rest_route=\/wp\/v2\/users\/1"}],"replies":[{"embeddable":true,"href":"https:\/\/www.ryujinkan.fi\/index.php?rest_route=%2Fwp%2Fv2%2Fcomments&post=7"}],"version-history":[{"count":36,"href":"https:\/\/www.ryujinkan.fi\/index.php?rest_route=\/wp\/v2\/pages\/7\/revisions"}],"predecessor-version":[{"id":653,"href":"https:\/\/www.ryujinkan.fi\/index.php?rest_route=\/wp\/v2\/pages\/7\/revisions\/653"}],"wp:attachment":[{"href":"https:\/\/www.ryujinkan.fi\/index.php?rest_route=%2Fwp%2Fv2%2Fmedia&parent=7"}],"curies":[{"name":"wp","href":"https:\/\/api.w.org\/{rel}","templated":true}]}}