{"id":66,"date":"2014-03-03T13:30:20","date_gmt":"2014-03-03T11:30:20","guid":{"rendered":"http:\/\/www.ryujinkan.fi\/?page_id=66"},"modified":"2025-03-15T13:15:14","modified_gmt":"2025-03-15T11:15:14","slug":"ajat-maksut","status":"publish","type":"page","link":"https:\/\/www.ryujinkan.fi\/?page_id=66","title":{"rendered":"Harjoitusajat &#038; Maksut"},"content":{"rendered":"<p><strong>HARJOITUSAJAT:\u00a0<\/strong><\/p>\n<p><strong><em>T\u00e4ll\u00e4 hetkell\u00e4 j\u00e4rjestet\u00e4\u00e4n vain toiminnallista\/kehonpaino\/salitreeni\u00e4 maanantaisin klo 18.30-19.30.<br \/>\nAktiiviharjoittelijoillemme on WA ryhm\u00e4, jossa tiedotetaan mahdollisista aikataulumuutoksista.<br \/>\nJos olet tulossa uutena tutustumaan\/treenaamaan, varmista treeniaika WA, messenger, mailitse tai puhelimitse.<\/em><\/strong><\/p>\n<p>Toiminnallinen treeni kaiken ik\u00e4isille maanantaisin klo 18.30-19.30<\/p>\n<p>Satunnaisesti harjoituksia my\u00f6s muina aikoina, n\u00e4ist\u00e4 tiedotetaan harjoittelijoille erikseen.<\/p>\n<p><strong>Mukaan uutena voi tulla koska vaan vuoden aikana.<\/strong><strong>\u00a0<\/strong><\/p>\n<p><strong>MAKSUT:<\/strong><\/p>\n<p><i>-toiminnallinen treeni10-kortti\u00a0 40e, kertamaksu 5e,<br \/>\npalo- &amp; pelastushenkil\u00f6kunta, poliisi, el\u00e4kel\u00e4iset; ei maksua.<\/i><\/p>\n<p>Tarvittaessa maksuihin saa maksuaikaa. Raha ei saa olla este harjoittelulle. Sovi kuitenkin asiasta ohjaajan kanssa!<\/p>\n<p>Tilinumero FI39 5488 4320 0442 43 Tietoja kohtaan j\u00e4senen nimi.<\/p>\n<p>&nbsp;<\/p>\n<p>&nbsp;<\/p>\n<p>AIKIDO AIKUISET (tauolla):<br \/>\n-Uusi harrastaja voi kokeilla lajia viikon ilmaiseksi. Satunnaisilta vierailijoilta ei maksua.<i><br \/>\n<\/i><\/p>\n<div>\n<ul>\n<li>6kk 70e (sis. j\u00e4senmaksun ja 6kk aikidoharjoitukset eli kev\u00e4t- tai syyskausi). Saman perheen toinen aikuinen -20e. El\u00e4kel\u00e4iset -50%<\/li>\n<li>Pelkk\u00e4 j\u00e4senmaksu 20e<\/li>\n<\/ul>\n<p>AIKIDO JUNIORIT (tauolla):<\/p>\n<p>n. 4kk (kev\u00e4t- tai syyskausi) 40e<br \/>\n(saman perheen toinen lapsi 30e, kolmas jne. 20e)<\/p>\n<\/div>\n<p>&nbsp;<\/p>\n","protected":false},"excerpt":{"rendered":"<p>HARJOITUSAJAT:\u00a0 T\u00e4ll\u00e4 hetkell\u00e4 j\u00e4rjestet\u00e4\u00e4n vain toiminnallista\/kehonpaino\/salitreeni\u00e4 maanantaisin klo 18.30-19.30. Aktiiviharjoittelijoillemme on WA ryhm\u00e4, jossa tiedotetaan mahdollisista aikataulumuutoksista. Jos olet tulossa uutena tutustumaan\/treenaamaan, varmista treeniaika WA, messenger, mailitse tai puhelimitse. Toiminnallinen treeni kaiken ik\u00e4isille maanantaisin klo 18.30-19.30 Satunnaisesti harjoituksia my\u00f6s muina aikoina, n\u00e4ist\u00e4 tiedotetaan harjoittelijoille erikseen. Mukaan uutena voi tulla koska vaan vuoden aikana.\u00a0 MAKSUT: -toiminnallinen [&hellip;]<\/p>\n","protected":false},"author":1,"featured_media":0,"parent":0,"menu_order":0,"comment_status":"closed","ping_status":"closed","template":"page-templates\/full-width.php","meta":[],"_links":{"self":[{"href":"https:\/\/www.ryujinkan.fi\/index.php?rest_route=\/wp\/v2\/pages\/66"}],"collection":[{"href":"https:\/\/www.ryujinkan.fi\/index.php?rest_route=\/wp\/v2\/pages"}],"about":[{"href":"https:\/\/www.ryujinkan.fi\/index.php?rest_route=\/wp\/v2\/types\/page"}],"author":[{"embeddable":true,"href":"https:\/\/www.ryujinkan.fi\/index.php?rest_route=\/wp\/v2\/users\/1"}],"replies":[{"embeddable":true,"href":"https:\/\/www.ryujinkan.fi\/index.php?rest_route=%2Fwp%2Fv2%2Fcomments&post=66"}],"version-history":[{"count":50,"href":"https:\/\/www.ryujinkan.fi\/index.php?rest_route=\/wp\/v2\/pages\/66\/revisions"}],"predecessor-version":[{"id":652,"href":"https:\/\/www.ryujinkan.fi\/index.php?rest_route=\/wp\/v2\/pages\/66\/revisions\/652"}],"wp:attachment":[{"href":"https:\/\/www.ryujinkan.fi\/index.php?rest_route=%2Fwp%2Fv2%2Fmedia&parent=66"}],"curies":[{"name":"wp","href":"https:\/\/api.w.org\/{rel}","templated":true}]}}