{"id":57,"date":"2014-03-03T12:37:44","date_gmt":"2014-03-03T10:37:44","guid":{"rendered":"http:\/\/www.ryujinkan.fi\/?page_id=57"},"modified":"2017-02-25T22:16:33","modified_gmt":"2017-02-25T20:16:33","slug":"galleria","status":"publish","type":"page","link":"https:\/\/www.ryujinkan.fi\/?page_id=57","title":{"rendered":"Galleria"},"content":{"rendered":"<p>Kuvia treeneist\u00e4 ja tapahtumista<\/p>\n<p><a href=\"https:\/\/1drv.ms\/f\/s!AgWj57LVNE1gg3hZDalkJ_jeRM-1\" target=\"_blank\">Puolimatkan treenej\u00e4 2016-2017<\/a><a href=\"https:\/\/onedrive.live.com\/redir?resid=604D34D5B2E7A305!472&amp;authkey=!AF-kZ0DuKtDalTY&amp;ithint=folder%2cjpg\" target=\"_blank\"><br \/>\nPuolimatkan dojo 1.6.15 -&gt;<\/a><a href=\"https:\/\/onedrive.live.com\/redir?resid=604D34D5B2E7A305!456&amp;authkey=!APXFY7WkKLpYa1M&amp;ithint=folder%2cjpg\" target=\"_blank\"><br \/>\nEA1-kurssi Nuutaj\u00e4rvell\u00e4<\/a><a href=\"https:\/\/onedrive.live.com\/redir?resid=604d34d5b2e7a305%21434\" target=\"_blank\"><br \/>\nTreenikuvia kev\u00e4t -15<\/a><a href=\"https:\/\/onedrive.live.com\/?cid=604D34D5B2E7A305&amp;id=604D34D5B2E7A305%21399\" target=\"_blank\"><br \/>\nLasikyl\u00e4n aikidop\u00e4iv\u00e4 15.11.2014<br \/>\n<\/a><a style=\"line-height: 1.714285714; font-size: 1rem;\" href=\"https:\/\/onedrive.live.com\/redir?resid=604D34D5B2E7A305!382&amp;authkey=!AKN_mklAT0dOFS8&amp;ithint=folder%2cjpg\" target=\"_blank\">Nuutaj\u00e4rvi dojo 9\/14 -&gt; 5\/15<br \/>\n<\/a><a style=\"line-height: 1.714285714; font-size: 1rem;\" href=\"https:\/\/onedrive.live.com\/redir?resid=604D34D5B2E7A305%21358\" target=\"_blank\">Kahvakuulaseminaari 17.7.2014<br \/>\n<\/a><a style=\"line-height: 1.714285714; font-size: 1rem;\" href=\"https:\/\/onedrive.live.com\/redir?resid=604D34D5B2E7A305%21357\" target=\"_blank\">Leiri 25.5.2014<br \/>\n<\/a><a style=\"line-height: 1.714285714; font-size: 1rem;\" href=\"https:\/\/onedrive.live.com\/redir?resid=604D34D5B2E7A305%21357\" target=\"_blank\">Nuutaj\u00e4rvip\u00e4iv\u00e4 2014<br \/>\n<\/a><a style=\"line-height: 1.714285714; font-size: 1rem;\" href=\"https:\/\/onedrive.live.com\/redir?resid=604D34D5B2E7A305%21288\" target=\"_blank\">Leiri 15.3.2014<br \/>\n<\/a><a style=\"line-height: 1.714285714; font-size: 1rem;\" href=\"https:\/\/onedrive.live.com\/redir?resid=604D34D5B2E7A305%21141\" target=\"_blank\">Junnut 19.2.2014<br \/>\n<\/a><a href=\"https:\/\/onedrive.live.com\/redir?resid=604D34D5B2E7A305%21219\" target=\"_blank\">Aikuiset 19.2.2014<br \/>\n<\/a><a href=\"https:\/\/onedrive.live.com\/redir?resid=604D34D5B2E7A305%21128\" target=\"_blank\">Junnut joulu 2013<br \/>\n<\/a><a href=\"https:\/\/onedrive.live.com\/redir?resid=604D34D5B2E7A305%21109\" target=\"_blank\">Tornitien dojolta<br \/>\n<\/a><a href=\"https:\/\/onedrive.live.com\/redir?resid=604D34D5B2E7A305%21111\" target=\"_blank\">Matkan varrelta<br \/>\n<\/a><a href=\"https:\/\/onedrive.live.com\/redir?resid=604D34D5B2E7A305%21108\" target=\"_blank\">Lehtiartikkelit<br \/>\n<\/a><a href=\"https:\/\/onedrive.live.com\/redir?resid=604D34D5B2E7A305%21112\" target=\"_blank\">Muuta<\/a><\/p>\n<p style=\"text-align: center;\"><img loading=\"lazy\" class=\"size-medium wp-image-59 aligncenter\" src=\"http:\/\/www.ryujinkan.fi\/wp-content\/uploads\/2014\/03\/sannapatrik-300x253.jpg\" alt=\"\" width=\"300\" height=\"253\" srcset=\"https:\/\/www.ryujinkan.fi\/wp-content\/uploads\/2014\/03\/sannapatrik-300x253.jpg 300w, https:\/\/www.ryujinkan.fi\/wp-content\/uploads\/2014\/03\/sannapatrik.jpg 443w\" sizes=\"(max-width: 300px) 100vw, 300px\" \/><\/p>\n","protected":false},"excerpt":{"rendered":"<p>Kuvia treeneist\u00e4 ja tapahtumista Puolimatkan treenej\u00e4 2016-2017 Puolimatkan dojo 1.6.15 -&gt; EA1-kurssi Nuutaj\u00e4rvell\u00e4 Treenikuvia kev\u00e4t -15 Lasikyl\u00e4n aikidop\u00e4iv\u00e4 15.11.2014 Nuutaj\u00e4rvi dojo 9\/14 -&gt; 5\/15 Kahvakuulaseminaari 17.7.2014 Leiri 25.5.2014 Nuutaj\u00e4rvip\u00e4iv\u00e4 2014 Leiri 15.3.2014 Junnut 19.2.2014 Aikuiset 19.2.2014 Junnut joulu 2013 Tornitien dojolta Matkan varrelta Lehtiartikkelit Muuta<\/p>\n","protected":false},"author":1,"featured_media":0,"parent":0,"menu_order":0,"comment_status":"closed","ping_status":"closed","template":"page-templates\/full-width.php","meta":[],"_links":{"self":[{"href":"https:\/\/www.ryujinkan.fi\/index.php?rest_route=\/wp\/v2\/pages\/57"}],"collection":[{"href":"https:\/\/www.ryujinkan.fi\/index.php?rest_route=\/wp\/v2\/pages"}],"about":[{"href":"https:\/\/www.ryujinkan.fi\/index.php?rest_route=\/wp\/v2\/types\/page"}],"author":[{"embeddable":true,"href":"https:\/\/www.ryujinkan.fi\/index.php?rest_route=\/wp\/v2\/users\/1"}],"replies":[{"embeddable":true,"href":"https:\/\/www.ryujinkan.fi\/index.php?rest_route=%2Fwp%2Fv2%2Fcomments&post=57"}],"version-history":[{"count":15,"href":"https:\/\/www.ryujinkan.fi\/index.php?rest_route=\/wp\/v2\/pages\/57\/revisions"}],"predecessor-version":[{"id":571,"href":"https:\/\/www.ryujinkan.fi\/index.php?rest_route=\/wp\/v2\/pages\/57\/revisions\/571"}],"wp:attachment":[{"href":"https:\/\/www.ryujinkan.fi\/index.php?rest_route=%2Fwp%2Fv2%2Fmedia&parent=57"}],"curies":[{"name":"wp","href":"https:\/\/api.w.org\/{rel}","templated":true}]}}