{"id":19,"date":"2014-03-03T01:30:17","date_gmt":"2014-03-02T23:30:17","guid":{"rendered":"http:\/\/www.ryujinkan.fi\/?page_id=19"},"modified":"2023-10-17T11:05:59","modified_gmt":"2023-10-17T08:05:59","slug":"ryujinkan-ry","status":"publish","type":"page","link":"https:\/\/www.ryujinkan.fi\/?page_id=19","title":{"rendered":"Ryujinkan Ry"},"content":{"rendered":"<div>\n<p>Ryujinkan ry on 2013 harrastajien toiveesta perustettu aikidoseura, jonka tarkoituksena on alkujaan ollut mahdollistaa aikidon harjoittelu Urjalassa aikuisille ja junioreille.<\/p>\n<p>2019 jouduimme valitettavasti toteamaan kiinnostuksen aikidoa kohtaan sen verran v\u00e4h\u00e4iseksi, ett\u00e4 seura jatkoi kuntopotkunyrkkeilyn ja toiminnallisen treenin parissa.<br \/>\n&#8220;Omasta&#8221; tilasta jouduimme luopumaan 2022, jonka j\u00e4lkeen on pidetty en\u00e4\u00e4 l\u00e4hinn\u00e4 toiminnallisia harjoituksia.<br \/>\nHarjoitukset ovat kaikille avoimia.<\/p>\n<\/div>\n<div>Ajoittain olemme j\u00e4rjest\u00e4neet my\u00f6s mm. nyrkkeily- ja muiden lajien leirej\u00e4 kokeneiden vierailevien ohjaajien vet\u00e4m\u00e4n\u00e4.<\/div>\n<div><\/div>\n<div>\n<div>Vakituisina ohjaajina seurassa toimivat Sanna Joutsela (aikikai 2. dan fukushidoin) ja Jani Set\u00e4l\u00e4 (aikikai 2.dan fukushidoin).<\/div>\n<div><\/div>\n<div><\/div>\n<div>Sanna on aloittanut aikidon vuonna 2007 Sastamala aikikain peruskurssilta. 3. kyu graduoitu 10\/09, 1. kyu 11\/11, 1. dan helmikuussa -13 ja 2. dan huhtikuussa -15.<br \/>\n2011 vuoden alusta seuraksi vaihtui Salo aikido ja Hokuto dojo Littoisissa.<\/div>\n<div><\/div>\n<p>Jani on aloittanut vuonna 2008 my\u00f6s Sastamalassa ja jatkoi Hokuto dojolla 2011. 3. kyu graduoitu 09\/10, 1. kyu 04\/12, 1. dan hein\u00e4kuussa -13 ja 2. dan syyskuussa -15.<\/p>\n<div>Aikidon lis\u00e4ksi perspektiivi\u00e4 ja n\u00e4kemyst\u00e4 itsepuolustus- ja kamppailulajeihin on haettu mm. seuraaviin lajeihin tutustumalla; Escrima guro Kaj Westersundin opettamana, defendo, potkunyrkkeily, daitoryu aikijutsu, yuishinkai karate, senshido, tai chi. Toiminnallinen harjoittelu ja kuntosali\/voimanosto kuuluvat my\u00f6s kummankin kuntoiluharrastuksiin.<\/div>\n<\/div>\n<p>&nbsp;<\/p>\n<p>&nbsp;<\/p>\n<p>&nbsp;<\/p>\n<div>\n<p><img loading=\"lazy\" class=\"alignnone size-medium wp-image-82\" src=\"http:\/\/www.ryujinkan.fi\/wp-content\/uploads\/2014\/03\/sannajani-300x271.jpg\" alt=\"sannajani\" width=\"300\" height=\"271\" srcset=\"https:\/\/www.ryujinkan.fi\/wp-content\/uploads\/2014\/03\/sannajani-300x271.jpg 300w, https:\/\/www.ryujinkan.fi\/wp-content\/uploads\/2014\/03\/sannajani.jpg 313w\" sizes=\"(max-width: 300px) 100vw, 300px\" \/><\/p>\n<\/div>\n","protected":false},"excerpt":{"rendered":"<p>Ryujinkan ry on 2013 harrastajien toiveesta perustettu aikidoseura, jonka tarkoituksena on alkujaan ollut mahdollistaa aikidon harjoittelu Urjalassa aikuisille ja junioreille. 2019 jouduimme valitettavasti toteamaan kiinnostuksen aikidoa kohtaan sen verran v\u00e4h\u00e4iseksi, ett\u00e4 seura jatkoi kuntopotkunyrkkeilyn ja toiminnallisen treenin parissa. &#8220;Omasta&#8221; tilasta jouduimme luopumaan 2022, jonka j\u00e4lkeen on pidetty en\u00e4\u00e4 l\u00e4hinn\u00e4 toiminnallisia harjoituksia. Harjoitukset ovat kaikille avoimia. [&hellip;]<\/p>\n","protected":false},"author":1,"featured_media":0,"parent":0,"menu_order":0,"comment_status":"closed","ping_status":"closed","template":"page-templates\/full-width.php","meta":[],"_links":{"self":[{"href":"https:\/\/www.ryujinkan.fi\/index.php?rest_route=\/wp\/v2\/pages\/19"}],"collection":[{"href":"https:\/\/www.ryujinkan.fi\/index.php?rest_route=\/wp\/v2\/pages"}],"about":[{"href":"https:\/\/www.ryujinkan.fi\/index.php?rest_route=\/wp\/v2\/types\/page"}],"author":[{"embeddable":true,"href":"https:\/\/www.ryujinkan.fi\/index.php?rest_route=\/wp\/v2\/users\/1"}],"replies":[{"embeddable":true,"href":"https:\/\/www.ryujinkan.fi\/index.php?rest_route=%2Fwp%2Fv2%2Fcomments&post=19"}],"version-history":[{"count":24,"href":"https:\/\/www.ryujinkan.fi\/index.php?rest_route=\/wp\/v2\/pages\/19\/revisions"}],"predecessor-version":[{"id":643,"href":"https:\/\/www.ryujinkan.fi\/index.php?rest_route=\/wp\/v2\/pages\/19\/revisions\/643"}],"wp:attachment":[{"href":"https:\/\/www.ryujinkan.fi\/index.php?rest_route=%2Fwp%2Fv2%2Fmedia&parent=19"}],"curies":[{"name":"wp","href":"https:\/\/api.w.org\/{rel}","templated":true}]}}