{"id":17,"date":"2014-03-03T01:27:01","date_gmt":"2014-03-02T23:27:01","guid":{"rendered":"http:\/\/www.ryujinkan.fi\/?page_id=17"},"modified":"2019-02-08T12:48:36","modified_gmt":"2019-02-08T10:48:36","slug":"aikido","status":"publish","type":"page","link":"https:\/\/www.ryujinkan.fi\/?page_id=17","title":{"rendered":"Aikido"},"content":{"rendered":"<p><img loading=\"lazy\" class=\"size-full wp-image-90 alignleft\" src=\"http:\/\/www.ryujinkan.fi\/wp-content\/uploads\/2014\/03\/osensei.jpg\" alt=\"osensei\" width=\"196\" height=\"255\" \/><\/p>\n<div>AIKIDO on 1900-luvun alkupuolella mm. Daitoryu aikijujutsusta syntynyt budolaji. Lajin perustaja Morihei Ueshiba, O\u00b4sensei, halusi kehitt\u00e4\u00e4 lajin jonka tarkoituksena olisi ehk\u00e4ist\u00e4 v\u00e4kivaltaa.<\/div>\n<div>Tekniikat perustuvat mm.hy\u00f6kk\u00e4\u00e4j\u00e4n voiman hyv\u00e4ksik\u00e4ytt\u00f6\u00f6n ja tarkoituksena on lamaannuttaa hy\u00f6kk\u00e4\u00e4j\u00e4n hy\u00f6kk\u00e4yshalu t\u00e4t\u00e4 mahdollisimman v\u00e4h\u00e4n tai lainkaan vahingoittaen.<\/div>\n<div>T\u00e4m\u00e4 on yksi lajin hienouksia ja sen taitaminen vaatii pitk\u00e4\u00e4 ja n\u00f6yr\u00e4\u00e4 harjoittelua.<\/div>\n<div>Aikidoka ei ole koskaan valmis vaan aina riitt\u00e4\u00e4 opittavaa jokaiselle. Kun yhden asian oppii, huomaa heti monta uutta asiaa jotka vaativat harjoittelijan huomion.<\/div>\n<div>Aikidoa on mahdotonta kuvailla sanoin. Se pit\u00e4\u00e4 itse kokea..<\/div>\n<div><\/div>\n<p>&nbsp;<\/p>\n<div>Aikidossa k\u00e4ytet\u00e4\u00e4n kahta (tai kolmea) eriv\u00e4rist\u00e4 vy\u00f6t\u00e4. Valkoinen, (ruskea) ja musta. Peruskurssin (tai riitt\u00e4v\u00e4n alkeisopetuksen) j\u00e4lkeen graduoidaan ensimm\u00e4inen kyu arvo, 6. kyu. T\u00e4st\u00e4 edet\u00e4\u00e4n kohti 1. kyuta, joka on korkein ns. oppilasaste. 3. kyun suorittanutta pidet\u00e4\u00e4n edistyneemp\u00e4n\u00e4 oppilaana, ja 3. kyusta l\u00e4htien harjoittelija voi k\u00e4ytt\u00e4\u00e4 hakamaa eli housuhametta. My\u00f6s ruskeaa vy\u00f6t\u00e4 voi k\u00e4ytt\u00e4\u00e4 t\u00e4st\u00e4 eteenp\u00e4in.<\/div>\n<p>Ensimm\u00e4inen ns. opettaja-aste on 1. dan, jonka suorittamisen j\u00e4lkeen harjoittelija k\u00e4ytt\u00e4\u00e4 mustaa vy\u00f6t\u00e4. Kaikki eiv\u00e4t halua graduointeja suorittaa ja se on totta kai vapaaehtoista.<\/p>\n<p>Aloittajalla ei tarvitse olla erityist\u00e4 fyysist\u00e4 kuntoa tai kokemusta kamppailulajeista.<br \/>\nYksi aikidon periaatteista on, ett\u00e4 se on mahdollista kaikille.\u00a0 Harjoituksissa kukin harjoittelee tasonsa mukaisesti, kohdaten aina uudelleen ja uudelleen saman vaativan vastustajan, itsens\u00e4.<\/p>\n<p>Aikidon harjoittelu on edullista. Harjoitusmaksut ovat alhaiset ja alkuun ei ole pakollista hankkia mit\u00e4\u00e4n harjoitusv\u00e4lineit\u00e4. Puku tekee harjoituksesta kuitenkin huomattavasti mukavampaa ja se hankitaan viimeist\u00e4\u00e4n ennen ensimm\u00e4ist\u00e4 vy\u00f6koetta eli graduointia. Puvun hinta 40e molemmin puolin ja puku kest\u00e4\u00e4 vuosia.<br \/>\nMuut varusteet eiv\u00e4t ole pakollisia.<\/p>\n<p>Hy\u00f6tyj\u00e4; Henkisesti onnistumisten parissa saa itseluottamusta, onnistumista etsiess\u00e4 n\u00f6yryytt\u00e4. Parin kanssa tekniikoita tutkiessa kunnioitusta ja oppimista yhteisty\u00f6st\u00e4. Intensiivisen harjoittelun lomassa unohtuu my\u00f6s arki ja mieli saa lepoa. Harjoittelu vaatii keskittymist\u00e4 mutta silti dojolla on aina mukavaa yhteisen p\u00e4\u00e4m\u00e4\u00e4r\u00e4n eteen t\u00f6it\u00e4 tehdess\u00e4.<\/p>\n<p>Aikidossa edistyneempien teht\u00e4v\u00e4 on auttaa ja neuvoa v\u00e4hemm\u00e4n harjoitellutta aikidon tiell\u00e4. Fyysisesti lihaskunto, koordinaatio ja kehonhallinta kasvavat huomattavasti.\u00a0Sama p\u00e4tee eritt\u00e4in hyvin my\u00f6s junioreihin.<\/p>\n<p>Aikidossa on eri tyylisuuntia, my\u00f6s Ueshiban perheen johtaman aikikai aikidon sis\u00e4ll\u00e4 on eroavaisuuksia.\u00a0Silti aikidon harjoittelija on tervetullut dojolle miss\u00e4p\u00e4in maailmaa tahansa, ja sama etiketti ja periaatteet l\u00f6ytyv\u00e4t mist\u00e4 vain. Koska kaikilla on yhteinen kieli, on uusien tuttavuuksien l\u00f6yt\u00e4minen vieraallakin dojolla enemm\u00e4n s\u00e4\u00e4nt\u00f6 kuin poikkeus. Kunhan pit\u00e4\u00e4 vain mielen avoinna ja vastaanottavaisena. Eik\u00e4 harjoittelukaan oikein ole mahdollista ilman edell\u00e4 mainittuja ominaisuuksia.<\/p>\n<p>&nbsp;<\/p>\n<div><img loading=\"lazy\" class=\"alignnone size-medium wp-image-88\" src=\"http:\/\/www.ryujinkan.fi\/wp-content\/uploads\/2014\/03\/lukko-300x200.jpg\" alt=\"lukko\" width=\"300\" height=\"200\" srcset=\"https:\/\/www.ryujinkan.fi\/wp-content\/uploads\/2014\/03\/lukko-300x200.jpg 300w, https:\/\/www.ryujinkan.fi\/wp-content\/uploads\/2014\/03\/lukko.jpg 510w\" sizes=\"(max-width: 300px) 100vw, 300px\" \/><\/div>\n","protected":false},"excerpt":{"rendered":"<p>AIKIDO on 1900-luvun alkupuolella mm. Daitoryu aikijujutsusta syntynyt budolaji. Lajin perustaja Morihei Ueshiba, O\u00b4sensei, halusi kehitt\u00e4\u00e4 lajin jonka tarkoituksena olisi ehk\u00e4ist\u00e4 v\u00e4kivaltaa. Tekniikat perustuvat mm.hy\u00f6kk\u00e4\u00e4j\u00e4n voiman hyv\u00e4ksik\u00e4ytt\u00f6\u00f6n ja tarkoituksena on lamaannuttaa hy\u00f6kk\u00e4\u00e4j\u00e4n hy\u00f6kk\u00e4yshalu t\u00e4t\u00e4 mahdollisimman v\u00e4h\u00e4n tai lainkaan vahingoittaen. T\u00e4m\u00e4 on yksi lajin hienouksia ja sen taitaminen vaatii pitk\u00e4\u00e4 ja n\u00f6yr\u00e4\u00e4 harjoittelua. Aikidoka ei ole [&hellip;]<\/p>\n","protected":false},"author":1,"featured_media":0,"parent":0,"menu_order":0,"comment_status":"closed","ping_status":"closed","template":"page-templates\/full-width.php","meta":[],"_links":{"self":[{"href":"https:\/\/www.ryujinkan.fi\/index.php?rest_route=\/wp\/v2\/pages\/17"}],"collection":[{"href":"https:\/\/www.ryujinkan.fi\/index.php?rest_route=\/wp\/v2\/pages"}],"about":[{"href":"https:\/\/www.ryujinkan.fi\/index.php?rest_route=\/wp\/v2\/types\/page"}],"author":[{"embeddable":true,"href":"https:\/\/www.ryujinkan.fi\/index.php?rest_route=\/wp\/v2\/users\/1"}],"replies":[{"embeddable":true,"href":"https:\/\/www.ryujinkan.fi\/index.php?rest_route=%2Fwp%2Fv2%2Fcomments&post=17"}],"version-history":[{"count":16,"href":"https:\/\/www.ryujinkan.fi\/index.php?rest_route=\/wp\/v2\/pages\/17\/revisions"}],"predecessor-version":[{"id":611,"href":"https:\/\/www.ryujinkan.fi\/index.php?rest_route=\/wp\/v2\/pages\/17\/revisions\/611"}],"wp:attachment":[{"href":"https:\/\/www.ryujinkan.fi\/index.php?rest_route=%2Fwp%2Fv2%2Fmedia&parent=17"}],"curies":[{"name":"wp","href":"https:\/\/api.w.org\/{rel}","templated":true}]}}